{"id":461,"date":"2024-11-05T23:29:25","date_gmt":"2024-11-05T23:29:25","guid":{"rendered":"https:\/\/loveparademexico.com\/ead\/?post_type=product&#038;p=461"},"modified":"2025-03-12T20:51:15","modified_gmt":"2025-03-12T20:51:15","slug":"cajita-para-consentir","status":"publish","type":"product","link":"https:\/\/loveparademexico.com\/ead\/producto\/cajita-para-consentir\/","title":{"rendered":"Cajita para consentir"},"content":{"rendered":"","protected":false},"excerpt":{"rendered":"<h4>Incluye:<\/h4>\n<ul>\n<li>Base de madera<\/li>\n<li>2 Cervezas en lata<\/li>\n<li>Jugo en botella<\/li>\n<li>Frasco con kit de caf\u00e9, t\u00e9, crema, az\u00facar y sustituto<\/li>\n<li>4 Bolsas de botana mini<\/li>\n<li>15 Dulces surtidos<\/li>\n<li>1 Manzana<\/li>\n<li>Letrero impreso personalizado<\/li>\n<li>Mo\u00f1o decorativo<\/li>\n<li>Dedicatoria impresa y sobre<\/li>\n<\/ul>\n","protected":false},"featured_media":462,"template":"","meta":[],"product_brand":[],"product_cat":[22,92],"product_tag":[125,126],"class_list":{"0":"post-461","1":"product","2":"type-product","3":"status-publish","4":"has-post-thumbnail","6":"product_cat-regalos","7":"product_cat-cumpleanos","8":"product_tag-cumpleanos","9":"product_tag-regalos","11":"first","12":"instock","13":"shipping-taxable","14":"purchasable","15":"product-type-composite"},"_links":{"self":[{"href":"https:\/\/loveparademexico.com\/ead\/wp-json\/wp\/v2\/product\/461","targetHints":{"allow":["GET"]}}],"collection":[{"href":"https:\/\/loveparademexico.com\/ead\/wp-json\/wp\/v2\/product"}],"about":[{"href":"https:\/\/loveparademexico.com\/ead\/wp-json\/wp\/v2\/types\/product"}],"wp:featuredmedia":[{"embeddable":true,"href":"https:\/\/loveparademexico.com\/ead\/wp-json\/wp\/v2\/media\/462"}],"wp:attachment":[{"href":"https:\/\/loveparademexico.com\/ead\/wp-json\/wp\/v2\/media?parent=461"}],"wp:term":[{"taxonomy":"product_brand","embeddable":true,"href":"https:\/\/loveparademexico.com\/ead\/wp-json\/wp\/v2\/product_brand?post=461"},{"taxonomy":"product_cat","embeddable":true,"href":"https:\/\/loveparademexico.com\/ead\/wp-json\/wp\/v2\/product_cat?post=461"},{"taxonomy":"product_tag","embeddable":true,"href":"https:\/\/loveparademexico.com\/ead\/wp-json\/wp\/v2\/product_tag?post=461"}],"curies":[{"name":"wp","href":"https:\/\/api.w.org\/{rel}","templated":true}]}}