{"id":493,"date":"2024-11-06T19:37:50","date_gmt":"2024-11-06T19:37:50","guid":{"rendered":"https:\/\/loveparademexico.com\/ead\/?post_type=product&#038;p=493"},"modified":"2025-03-18T23:09:46","modified_gmt":"2025-03-18T23:09:46","slug":"desayuno-love","status":"publish","type":"product","link":"https:\/\/loveparademexico.com\/ead\/producto\/desayuno-love\/","title":{"rendered":"Desayuno Love"},"content":{"rendered":"","protected":false},"excerpt":{"rendered":"<h4>Incluye:<\/h4>\n<ul>\n<li>Caja de cart\u00f3n r\u00edgido (La caja puede variar seg\u00fan disponibilidad)<\/li>\n<li>S\u00e1ndwich de jam\u00f3n, queso gouda y aderezos<\/li>\n<li>Vaso de fruta con chocolate<\/li>\n<li>Caf\u00e9 ol\u00e9<\/li>\n<li>Cupcake decorado en caja de acetato<\/li>\n<li>Cuchara de pl\u00e1stico<\/li>\n<li>Dedicatoria en sobre<\/li>\n<\/ul>\n","protected":false},"featured_media":494,"template":"","meta":[],"product_brand":[],"product_cat":[24],"product_tag":[125,126],"class_list":{"0":"post-493","1":"product","2":"type-product","3":"status-publish","4":"has-post-thumbnail","6":"product_cat-desyunos-comidas","7":"product_tag-cumpleanos","8":"product_tag-regalos","10":"first","11":"instock","12":"shipping-taxable","13":"purchasable","14":"product-type-composite"},"_links":{"self":[{"href":"https:\/\/loveparademexico.com\/ead\/wp-json\/wp\/v2\/product\/493","targetHints":{"allow":["GET"]}}],"collection":[{"href":"https:\/\/loveparademexico.com\/ead\/wp-json\/wp\/v2\/product"}],"about":[{"href":"https:\/\/loveparademexico.com\/ead\/wp-json\/wp\/v2\/types\/product"}],"wp:featuredmedia":[{"embeddable":true,"href":"https:\/\/loveparademexico.com\/ead\/wp-json\/wp\/v2\/media\/494"}],"wp:attachment":[{"href":"https:\/\/loveparademexico.com\/ead\/wp-json\/wp\/v2\/media?parent=493"}],"wp:term":[{"taxonomy":"product_brand","embeddable":true,"href":"https:\/\/loveparademexico.com\/ead\/wp-json\/wp\/v2\/product_brand?post=493"},{"taxonomy":"product_cat","embeddable":true,"href":"https:\/\/loveparademexico.com\/ead\/wp-json\/wp\/v2\/product_cat?post=493"},{"taxonomy":"product_tag","embeddable":true,"href":"https:\/\/loveparademexico.com\/ead\/wp-json\/wp\/v2\/product_tag?post=493"}],"curies":[{"name":"wp","href":"https:\/\/api.w.org\/{rel}","templated":true}]}}