{"id":503,"date":"2024-11-06T22:05:44","date_gmt":"2024-11-06T22:05:44","guid":{"rendered":"https:\/\/loveparademexico.com\/ead\/?post_type=product&#038;p=503"},"modified":"2025-03-18T22:29:28","modified_gmt":"2025-03-18T22:29:28","slug":"desayuno-chilaquiles","status":"publish","type":"product","link":"https:\/\/loveparademexico.com\/ead\/producto\/desayuno-chilaquiles\/","title":{"rendered":"Desayuno Chilaquiles"},"content":{"rendered":"","protected":false},"excerpt":{"rendered":"<h4>Incluye:<\/h4>\n<ul>\n<li>Base de madera color blanco<\/li>\n<li>Charola con Totopos y pollo<\/li>\n<li>Salsa, crema y cebolla<\/li>\n<li>Pieza de pan<\/li>\n<li>Galletas con chocolate<\/li>\n<li>Frasco con kit de caf\u00e9, t\u00e9, crema, az\u00facar y sustituto<\/li>\n<li>Jugo<\/li>\n<li>Fruta<\/li>\n<li>Mo\u00f1o decorativo<\/li>\n<li>Dedicatoria impresa en sobre<\/li>\n<\/ul>\n","protected":false},"featured_media":504,"template":"","meta":[],"product_brand":[],"product_cat":[24],"product_tag":[125,126],"class_list":{"0":"post-503","1":"product","2":"type-product","3":"status-publish","4":"has-post-thumbnail","6":"product_cat-desyunos-comidas","7":"product_tag-cumpleanos","8":"product_tag-regalos","10":"first","11":"instock","12":"shipping-taxable","13":"purchasable","14":"product-type-composite"},"_links":{"self":[{"href":"https:\/\/loveparademexico.com\/ead\/wp-json\/wp\/v2\/product\/503","targetHints":{"allow":["GET"]}}],"collection":[{"href":"https:\/\/loveparademexico.com\/ead\/wp-json\/wp\/v2\/product"}],"about":[{"href":"https:\/\/loveparademexico.com\/ead\/wp-json\/wp\/v2\/types\/product"}],"wp:featuredmedia":[{"embeddable":true,"href":"https:\/\/loveparademexico.com\/ead\/wp-json\/wp\/v2\/media\/504"}],"wp:attachment":[{"href":"https:\/\/loveparademexico.com\/ead\/wp-json\/wp\/v2\/media?parent=503"}],"wp:term":[{"taxonomy":"product_brand","embeddable":true,"href":"https:\/\/loveparademexico.com\/ead\/wp-json\/wp\/v2\/product_brand?post=503"},{"taxonomy":"product_cat","embeddable":true,"href":"https:\/\/loveparademexico.com\/ead\/wp-json\/wp\/v2\/product_cat?post=503"},{"taxonomy":"product_tag","embeddable":true,"href":"https:\/\/loveparademexico.com\/ead\/wp-json\/wp\/v2\/product_tag?post=503"}],"curies":[{"name":"wp","href":"https:\/\/api.w.org\/{rel}","templated":true}]}}