{"id":507,"date":"2024-11-06T22:13:44","date_gmt":"2024-11-06T22:13:44","guid":{"rendered":"https:\/\/loveparademexico.com\/ead\/?post_type=product&#038;p=507"},"modified":"2025-03-18T22:24:29","modified_gmt":"2025-03-18T22:24:29","slug":"delidesayuno","status":"publish","type":"product","link":"https:\/\/loveparademexico.com\/ead\/producto\/delidesayuno\/","title":{"rendered":"Delidesayuno"},"content":{"rendered":"","protected":false},"excerpt":{"rendered":"<h4>Incluye:<\/h4>\n<ul>\n<li>Base de madera color natural<\/li>\n<li>Croissant con aderezos, pechuga de pavo, queso gouda<\/li>\n<li>Botella de vidrio con jugo<\/li>\n<li>Queso de la vaca<\/li>\n<li>Mantequilla<\/li>\n<li>Vaso t\u00e9rmico con kit de caf\u00e9, t\u00e9, crema, az\u00facar, y sustituto<\/li>\n<li>Fruta<\/li>\n<li>Aros Pan o Pretzel<\/li>\n<li>Frasco con yogurt<\/li>\n<li>Galletas con chocolate<\/li>\n<li>Ramito de flores<\/li>\n<li>Mo\u00f1o decorativo<\/li>\n<li>Dedicatoria impresa en sobre<\/li>\n<\/ul>\n","protected":false},"featured_media":508,"template":"","meta":[],"product_brand":[],"product_cat":[24],"product_tag":[125,126],"class_list":{"0":"post-507","1":"product","2":"type-product","3":"status-publish","4":"has-post-thumbnail","6":"product_cat-desyunos-comidas","7":"product_tag-cumpleanos","8":"product_tag-regalos","10":"first","11":"instock","12":"shipping-taxable","13":"purchasable","14":"product-type-composite"},"_links":{"self":[{"href":"https:\/\/loveparademexico.com\/ead\/wp-json\/wp\/v2\/product\/507","targetHints":{"allow":["GET"]}}],"collection":[{"href":"https:\/\/loveparademexico.com\/ead\/wp-json\/wp\/v2\/product"}],"about":[{"href":"https:\/\/loveparademexico.com\/ead\/wp-json\/wp\/v2\/types\/product"}],"wp:featuredmedia":[{"embeddable":true,"href":"https:\/\/loveparademexico.com\/ead\/wp-json\/wp\/v2\/media\/508"}],"wp:attachment":[{"href":"https:\/\/loveparademexico.com\/ead\/wp-json\/wp\/v2\/media?parent=507"}],"wp:term":[{"taxonomy":"product_brand","embeddable":true,"href":"https:\/\/loveparademexico.com\/ead\/wp-json\/wp\/v2\/product_brand?post=507"},{"taxonomy":"product_cat","embeddable":true,"href":"https:\/\/loveparademexico.com\/ead\/wp-json\/wp\/v2\/product_cat?post=507"},{"taxonomy":"product_tag","embeddable":true,"href":"https:\/\/loveparademexico.com\/ead\/wp-json\/wp\/v2\/product_tag?post=507"}],"curies":[{"name":"wp","href":"https:\/\/api.w.org\/{rel}","templated":true}]}}